{"id":1602,"date":"2022-06-20T20:51:22","date_gmt":"2022-06-20T20:51:22","guid":{"rendered":"https:\/\/fabricueroecuador.com\/?post_type=product&#038;p=1602"},"modified":"2022-06-20T20:51:22","modified_gmt":"2022-06-20T20:51:22","slug":"botin-de-cuero-color-cafe-ref-mb-41","status":"publish","type":"product","link":"https:\/\/fabricueroecuador.com\/index.php\/product\/botin-de-cuero-color-cafe-ref-mb-41\/","title":{"rendered":"Bot\u00edn de Cuero Color Caf\u00e9 Ref MB-41"},"content":{"rendered":"","protected":false},"excerpt":{"rendered":"<p>Comodidad sin igual, estilos \u00fanicos.<\/p>\n<p>Elegancia y confort.<\/p>\n<p>100% cuero genuino con la garant\u00eda de FC Fabricuero Shoes!<\/p>\n<p>Tallas 37-38-39-40-41-42-43<\/p>\n<p>&nbsp;<\/p>\n<p>Garant\u00eda de f\u00e1brica<\/p>\n","protected":false},"featured_media":1604,"comment_status":"open","ping_status":"closed","template":"","meta":{"_et_pb_use_builder":"off","_et_pb_old_content":"","_et_gb_content_width":""},"product_cat":[144],"product_tag":[184,183,180],"_links":{"self":[{"href":"https:\/\/fabricueroecuador.com\/index.php\/wp-json\/wp\/v2\/product\/1602"}],"collection":[{"href":"https:\/\/fabricueroecuador.com\/index.php\/wp-json\/wp\/v2\/product"}],"about":[{"href":"https:\/\/fabricueroecuador.com\/index.php\/wp-json\/wp\/v2\/types\/product"}],"replies":[{"embeddable":true,"href":"https:\/\/fabricueroecuador.com\/index.php\/wp-json\/wp\/v2\/comments?post=1602"}],"wp:featuredmedia":[{"embeddable":true,"href":"https:\/\/fabricueroecuador.com\/index.php\/wp-json\/wp\/v2\/media\/1604"}],"wp:attachment":[{"href":"https:\/\/fabricueroecuador.com\/index.php\/wp-json\/wp\/v2\/media?parent=1602"}],"wp:term":[{"taxonomy":"product_cat","embeddable":true,"href":"https:\/\/fabricueroecuador.com\/index.php\/wp-json\/wp\/v2\/product_cat?post=1602"},{"taxonomy":"product_tag","embeddable":true,"href":"https:\/\/fabricueroecuador.com\/index.php\/wp-json\/wp\/v2\/product_tag?post=1602"}],"curies":[{"name":"wp","href":"https:\/\/api.w.org\/{rel}","templated":true}]}}