{"id":1647,"date":"2022-07-07T23:09:18","date_gmt":"2022-07-07T23:09:18","guid":{"rendered":"https:\/\/fabricueroecuador.com\/?post_type=product&#038;p=1647"},"modified":"2022-07-07T23:09:18","modified_gmt":"2022-07-07T23:09:18","slug":"botin-de-cuero-color-cafe-ref-arom-14-nubuk","status":"publish","type":"product","link":"https:\/\/fabricueroecuador.com\/index.php\/product\/botin-de-cuero-color-cafe-ref-arom-14-nubuk\/","title":{"rendered":"Bot\u00edn de Cuero Color Caf\u00e9 Ref Arom-14 Nubuk"},"content":{"rendered":"","protected":false},"excerpt":{"rendered":"<p>Comodidad sin igual, estilos \u00fanicos.<\/p>\n<p>Elegancia y confort.<\/p>\n<p>100% cuero genuino con la garant\u00eda de FC Fabricuero Shoes!<\/p>\n<p>Tallas 37-38-39-40-41-42-43<\/p>\n<p>&nbsp;<\/p>\n<p>Garant\u00eda de f\u00e1brica<\/p>\n","protected":false},"featured_media":1648,"comment_status":"open","ping_status":"closed","template":"","meta":{"_et_pb_use_builder":"","_et_pb_old_content":"","_et_gb_content_width":""},"product_cat":[144],"product_tag":[184,183,180],"_links":{"self":[{"href":"https:\/\/fabricueroecuador.com\/index.php\/wp-json\/wp\/v2\/product\/1647"}],"collection":[{"href":"https:\/\/fabricueroecuador.com\/index.php\/wp-json\/wp\/v2\/product"}],"about":[{"href":"https:\/\/fabricueroecuador.com\/index.php\/wp-json\/wp\/v2\/types\/product"}],"replies":[{"embeddable":true,"href":"https:\/\/fabricueroecuador.com\/index.php\/wp-json\/wp\/v2\/comments?post=1647"}],"wp:featuredmedia":[{"embeddable":true,"href":"https:\/\/fabricueroecuador.com\/index.php\/wp-json\/wp\/v2\/media\/1648"}],"wp:attachment":[{"href":"https:\/\/fabricueroecuador.com\/index.php\/wp-json\/wp\/v2\/media?parent=1647"}],"wp:term":[{"taxonomy":"product_cat","embeddable":true,"href":"https:\/\/fabricueroecuador.com\/index.php\/wp-json\/wp\/v2\/product_cat?post=1647"},{"taxonomy":"product_tag","embeddable":true,"href":"https:\/\/fabricueroecuador.com\/index.php\/wp-json\/wp\/v2\/product_tag?post=1647"}],"curies":[{"name":"wp","href":"https:\/\/api.w.org\/{rel}","templated":true}]}}