{"id":263,"date":"2020-12-08T16:41:20","date_gmt":"2020-12-08T16:41:20","guid":{"rendered":"http:\/\/fabricuero.com\/index.php\/product\/import-placeholder-for-299\/"},"modified":"2020-12-23T18:03:01","modified_gmt":"2020-12-23T18:03:01","slug":"cartera-clasica-pequena-estilo-angel","status":"publish","type":"product","link":"https:\/\/fabricueroecuador.com\/index.php\/product\/cartera-clasica-pequena-estilo-angel\/","title":{"rendered":"Cartera Cl\u00e1sica Peque\u00f1a 0103"},"content":{"rendered":"<p>&nbsp;<\/p>\n<p>Cartera peque\u00f1a, forro interior de lujo que tiene larga duraci\u00f3n.<\/p>\n<p>Varios servicios interiores, dise\u00f1o exterior sutil y c\u00f3modo<\/p>\n<p>Colores: caf\u00e9, negro, miel,<\/p>\n<p>&nbsp;<\/p>\n","protected":false},"excerpt":{"rendered":"<p>&nbsp; Cartera peque\u00f1a, forro interior de lujo que tiene larga duraci\u00f3n. Varios servicios interiores, dise\u00f1o exterior sutil y c\u00f3modo Colores: caf\u00e9, negro, miel, &nbsp;<\/p>\n","protected":false},"featured_media":797,"comment_status":"open","ping_status":"closed","template":"","meta":{"_et_pb_use_builder":"","_et_pb_old_content":"","_et_gb_content_width":""},"product_cat":[158,156],"product_tag":[],"_links":{"self":[{"href":"https:\/\/fabricueroecuador.com\/index.php\/wp-json\/wp\/v2\/product\/263"}],"collection":[{"href":"https:\/\/fabricueroecuador.com\/index.php\/wp-json\/wp\/v2\/product"}],"about":[{"href":"https:\/\/fabricueroecuador.com\/index.php\/wp-json\/wp\/v2\/types\/product"}],"replies":[{"embeddable":true,"href":"https:\/\/fabricueroecuador.com\/index.php\/wp-json\/wp\/v2\/comments?post=263"}],"wp:featuredmedia":[{"embeddable":true,"href":"https:\/\/fabricueroecuador.com\/index.php\/wp-json\/wp\/v2\/media\/797"}],"wp:attachment":[{"href":"https:\/\/fabricueroecuador.com\/index.php\/wp-json\/wp\/v2\/media?parent=263"}],"wp:term":[{"taxonomy":"product_cat","embeddable":true,"href":"https:\/\/fabricueroecuador.com\/index.php\/wp-json\/wp\/v2\/product_cat?post=263"},{"taxonomy":"product_tag","embeddable":true,"href":"https:\/\/fabricueroecuador.com\/index.php\/wp-json\/wp\/v2\/product_tag?post=263"}],"curies":[{"name":"wp","href":"https:\/\/api.w.org\/{rel}","templated":true}]}}