{"id":275,"date":"2020-12-08T16:41:26","date_gmt":"2020-12-08T16:41:26","guid":{"rendered":"http:\/\/fabricuero.com\/index.php\/product\/import-placeholder-for-374\/"},"modified":"2021-01-16T19:56:52","modified_gmt":"2021-01-16T19:56:52","slug":"monedero-de-dama-petite-br-001","status":"publish","type":"product","link":"https:\/\/fabricueroecuador.com\/index.php\/product\/monedero-de-dama-petite-br-001\/","title":{"rendered":"Monedero Luxury con cierre"},"content":{"rendered":"<p>&nbsp;<\/p>\n<p>Peque\u00f1o monedero de dise\u00f1o petite, servicios para monedas.<\/p>\n<p>Dise\u00f1ado para las personas que desean un monedero practico, bonito y funcional.<\/p>\n<p>Producto 100% cuero natural, cierres y costuras de alta calidad, dise\u00f1o moderno y llamativo.<\/p>\n<p>Colores: rojo, beige, negro, caf\u00e9, miel&#8230;<\/p>\n","protected":false},"excerpt":{"rendered":"<p>&nbsp; Peque\u00f1o monedero de dise\u00f1o petite, servicios para monedas. Dise\u00f1ado para las personas que desean un monedero practico, bonito y funcional. Producto 100% cuero natural, cierres y costuras de alta calidad, dise\u00f1o moderno y llamativo. Colores: rojo, beige, negro, caf\u00e9, miel&#8230;<\/p>\n","protected":false},"featured_media":1080,"comment_status":"open","ping_status":"closed","template":"","meta":{"_et_pb_use_builder":"","_et_pb_old_content":"","_et_gb_content_width":""},"product_cat":[146,163],"product_tag":[],"_links":{"self":[{"href":"https:\/\/fabricueroecuador.com\/index.php\/wp-json\/wp\/v2\/product\/275"}],"collection":[{"href":"https:\/\/fabricueroecuador.com\/index.php\/wp-json\/wp\/v2\/product"}],"about":[{"href":"https:\/\/fabricueroecuador.com\/index.php\/wp-json\/wp\/v2\/types\/product"}],"replies":[{"embeddable":true,"href":"https:\/\/fabricueroecuador.com\/index.php\/wp-json\/wp\/v2\/comments?post=275"}],"wp:featuredmedia":[{"embeddable":true,"href":"https:\/\/fabricueroecuador.com\/index.php\/wp-json\/wp\/v2\/media\/1080"}],"wp:attachment":[{"href":"https:\/\/fabricueroecuador.com\/index.php\/wp-json\/wp\/v2\/media?parent=275"}],"wp:term":[{"taxonomy":"product_cat","embeddable":true,"href":"https:\/\/fabricueroecuador.com\/index.php\/wp-json\/wp\/v2\/product_cat?post=275"},{"taxonomy":"product_tag","embeddable":true,"href":"https:\/\/fabricueroecuador.com\/index.php\/wp-json\/wp\/v2\/product_tag?post=275"}],"curies":[{"name":"wp","href":"https:\/\/api.w.org\/{rel}","templated":true}]}}