{"id":278,"date":"2020-12-08T16:41:26","date_gmt":"2020-12-08T16:41:26","guid":{"rendered":"http:\/\/fabricuero.com\/index.php\/product\/import-placeholder-for-417\/"},"modified":"2021-01-16T23:02:23","modified_gmt":"2021-01-16T23:02:23","slug":"cinturon-caballero-casual-003-cuero-envejecido","status":"publish","type":"product","link":"https:\/\/fabricueroecuador.com\/index.php\/product\/cinturon-caballero-casual-003-cuero-envejecido\/","title":{"rendered":"Cintur\u00f3n Caballero Casual 003 de Marca"},"content":{"rendered":"<p>Cintur\u00f3n de cuero , alta calidad. variedad de Colores , hebilla dise\u00f1o moderno de marca.<\/p>\n<p>Tallas: 34, 36, 38, 40 , 42, 44, 46<\/p>\n","protected":false},"excerpt":{"rendered":"<p>Cintur\u00f3n de cuero , alta calidad. variedad de Colores , hebilla dise\u00f1o moderno de marca. Tallas: 34, 36, 38, 40 , 42, 44, 46<\/p>\n","protected":false},"featured_media":1161,"comment_status":"open","ping_status":"closed","template":"","meta":{"_et_pb_use_builder":"","_et_pb_old_content":"","_et_gb_content_width":""},"product_cat":[150,146],"product_tag":[],"_links":{"self":[{"href":"https:\/\/fabricueroecuador.com\/index.php\/wp-json\/wp\/v2\/product\/278"}],"collection":[{"href":"https:\/\/fabricueroecuador.com\/index.php\/wp-json\/wp\/v2\/product"}],"about":[{"href":"https:\/\/fabricueroecuador.com\/index.php\/wp-json\/wp\/v2\/types\/product"}],"replies":[{"embeddable":true,"href":"https:\/\/fabricueroecuador.com\/index.php\/wp-json\/wp\/v2\/comments?post=278"}],"wp:featuredmedia":[{"embeddable":true,"href":"https:\/\/fabricueroecuador.com\/index.php\/wp-json\/wp\/v2\/media\/1161"}],"wp:attachment":[{"href":"https:\/\/fabricueroecuador.com\/index.php\/wp-json\/wp\/v2\/media?parent=278"}],"wp:term":[{"taxonomy":"product_cat","embeddable":true,"href":"https:\/\/fabricueroecuador.com\/index.php\/wp-json\/wp\/v2\/product_cat?post=278"},{"taxonomy":"product_tag","embeddable":true,"href":"https:\/\/fabricueroecuador.com\/index.php\/wp-json\/wp\/v2\/product_tag?post=278"}],"curies":[{"name":"wp","href":"https:\/\/api.w.org\/{rel}","templated":true}]}}