{"id":285,"date":"2020-12-08T16:41:26","date_gmt":"2020-12-08T16:41:26","guid":{"rendered":"http:\/\/fabricuero.com\/index.php\/product\/import-placeholder-for-454\/"},"modified":"2021-01-09T18:23:26","modified_gmt":"2021-01-09T18:23:26","slug":"chaqueta-priest-estilo-fight-club","status":"publish","type":"product","link":"https:\/\/fabricueroecuador.com\/index.php\/product\/chaqueta-priest-estilo-fight-club\/","title":{"rendered":"Chaqueta Motor modelo Harley Davidson"},"content":{"rendered":"<p>&nbsp;<\/p>\n<p>Chaqueta de color \u00fanico, dise\u00f1o moderno para motociclistas.<\/p>\n<p>Cuero de alta calidad, forro interior t\u00e9rmico, mejorado y duradero.<\/p>\n<p>Color: negro<\/p>\n<p>Tallas: S, M, L, XL, XXL<\/p>\n<p>&nbsp;<\/p>\n<p>&nbsp;<\/p>\n<p>Tag: Chaqueta Chompa Biker Chamarra Casaca<\/p>\n<p>&nbsp;<\/p>\n","protected":false},"excerpt":{"rendered":"<p>&nbsp; Chaqueta de color \u00fanico, dise\u00f1o moderno para motociclistas. Cuero de alta calidad, forro interior t\u00e9rmico, mejorado y duradero. Color: negro Tallas: S, M, L, XL, XXL &nbsp; &nbsp; Tag: Chaqueta Chompa Biker Chamarra Casaca &nbsp;<\/p>\n","protected":false},"featured_media":861,"comment_status":"open","ping_status":"closed","template":"","meta":{"_et_pb_use_builder":"","_et_pb_old_content":"","_et_gb_content_width":""},"product_cat":[149,146],"product_tag":[],"_links":{"self":[{"href":"https:\/\/fabricueroecuador.com\/index.php\/wp-json\/wp\/v2\/product\/285"}],"collection":[{"href":"https:\/\/fabricueroecuador.com\/index.php\/wp-json\/wp\/v2\/product"}],"about":[{"href":"https:\/\/fabricueroecuador.com\/index.php\/wp-json\/wp\/v2\/types\/product"}],"replies":[{"embeddable":true,"href":"https:\/\/fabricueroecuador.com\/index.php\/wp-json\/wp\/v2\/comments?post=285"}],"wp:featuredmedia":[{"embeddable":true,"href":"https:\/\/fabricueroecuador.com\/index.php\/wp-json\/wp\/v2\/media\/861"}],"wp:attachment":[{"href":"https:\/\/fabricueroecuador.com\/index.php\/wp-json\/wp\/v2\/media?parent=285"}],"wp:term":[{"taxonomy":"product_cat","embeddable":true,"href":"https:\/\/fabricueroecuador.com\/index.php\/wp-json\/wp\/v2\/product_cat?post=285"},{"taxonomy":"product_tag","embeddable":true,"href":"https:\/\/fabricueroecuador.com\/index.php\/wp-json\/wp\/v2\/product_tag?post=285"}],"curies":[{"name":"wp","href":"https:\/\/api.w.org\/{rel}","templated":true}]}}