{"id":287,"date":"2020-12-08T16:41:27","date_gmt":"2020-12-08T16:41:27","guid":{"rendered":"http:\/\/fabricuero.com\/index.php\/product\/import-placeholder-for-469\/"},"modified":"2021-02-02T02:36:57","modified_gmt":"2021-02-02T02:36:57","slug":"abrigo-alexander-001","status":"publish","type":"product","link":"https:\/\/fabricueroecuador.com\/index.php\/product\/abrigo-alexander-001\/","title":{"rendered":"Abrigo Alexander 001"},"content":{"rendered":"<p>&nbsp;<\/p>\n<p>Abrigo de cuero premium vacuno de ternera, el mejor cuero del mercado.<\/p>\n<p>El cuero de este abrigo fue seleccionado en las mejores curtiembres andinas de Ecuador.<\/p>\n<p>Dise\u00f1o exclusivo y edici\u00f3n limitada para caballeros de gusto elegante.<\/p>\n<p>Estilo italiano de colecci\u00f3n de oto\u00f1o, botones y cierres de la mejor calidad.<\/p>\n<p>Forro interior t\u00e9rmico.<\/p>\n<p>Color: Negro<\/p>\n<p>Tallas: S, M, L, XL<\/p>\n<p>&nbsp;<\/p>\n","protected":false},"excerpt":{"rendered":"<p>&nbsp; Abrigo de cuero premium vacuno de ternera, el mejor cuero del mercado. El cuero de este abrigo fue seleccionado en las mejores curtiembres andinas de Ecuador. Dise\u00f1o exclusivo y edici\u00f3n limitada para caballeros de gusto elegante. Estilo italiano de colecci\u00f3n de oto\u00f1o, botones y cierres de la mejor calidad. Forro interior t\u00e9rmico. Color: Negro [&hellip;]<\/p>\n","protected":false},"featured_media":651,"comment_status":"open","ping_status":"closed","template":"","meta":{"_et_pb_use_builder":"","_et_pb_old_content":"","_et_gb_content_width":""},"product_cat":[149,146],"product_tag":[],"_links":{"self":[{"href":"https:\/\/fabricueroecuador.com\/index.php\/wp-json\/wp\/v2\/product\/287"}],"collection":[{"href":"https:\/\/fabricueroecuador.com\/index.php\/wp-json\/wp\/v2\/product"}],"about":[{"href":"https:\/\/fabricueroecuador.com\/index.php\/wp-json\/wp\/v2\/types\/product"}],"replies":[{"embeddable":true,"href":"https:\/\/fabricueroecuador.com\/index.php\/wp-json\/wp\/v2\/comments?post=287"}],"wp:featuredmedia":[{"embeddable":true,"href":"https:\/\/fabricueroecuador.com\/index.php\/wp-json\/wp\/v2\/media\/651"}],"wp:attachment":[{"href":"https:\/\/fabricueroecuador.com\/index.php\/wp-json\/wp\/v2\/media?parent=287"}],"wp:term":[{"taxonomy":"product_cat","embeddable":true,"href":"https:\/\/fabricueroecuador.com\/index.php\/wp-json\/wp\/v2\/product_cat?post=287"},{"taxonomy":"product_tag","embeddable":true,"href":"https:\/\/fabricueroecuador.com\/index.php\/wp-json\/wp\/v2\/product_tag?post=287"}],"curies":[{"name":"wp","href":"https:\/\/api.w.org\/{rel}","templated":true}]}}