{"id":341,"date":"2020-12-08T16:41:45","date_gmt":"2020-12-08T16:41:45","guid":{"rendered":"http:\/\/fabricuero.com\/index.php\/product\/import-placeholder-for-817\/"},"modified":"2021-01-08T19:19:50","modified_gmt":"2021-01-08T19:19:50","slug":"chompa-de-cuero-con-capucha-modelo-slim-and-hood","status":"publish","type":"product","link":"https:\/\/fabricueroecuador.com\/index.php\/product\/chompa-de-cuero-con-capucha-modelo-slim-and-hood\/","title":{"rendered":"Chompa de Cuero Modelo Charley"},"content":{"rendered":"<p>Chaqueta de cuero natural, color y textura \u00fanica de las curtiembres andinas.<\/p>\n<p>Dise\u00f1o armado al cuerpo. Corte Slim fit.<\/p>\n<p>Forro con t\u00e9rmico para climas fr\u00edos.<\/p>\n<p>Cierre de alta calidad.<\/p>\n<p>Colores:\u00a0Cafe, Negro, Azul<\/p>\n","protected":false},"excerpt":{"rendered":"<p>Chaqueta de cuero natural, color y textura \u00fanica de las curtiembres andinas. Dise\u00f1o armado al cuerpo. Corte Slim fit. Forro con t\u00e9rmico para climas fr\u00edos. Cierre de alta calidad. Colores:\u00a0Cafe, Negro, Azul<\/p>\n","protected":false},"featured_media":838,"comment_status":"open","ping_status":"closed","template":"","meta":{"_et_pb_use_builder":"","_et_pb_old_content":"","_et_gb_content_width":""},"product_cat":[149,146],"product_tag":[],"_links":{"self":[{"href":"https:\/\/fabricueroecuador.com\/index.php\/wp-json\/wp\/v2\/product\/341"}],"collection":[{"href":"https:\/\/fabricueroecuador.com\/index.php\/wp-json\/wp\/v2\/product"}],"about":[{"href":"https:\/\/fabricueroecuador.com\/index.php\/wp-json\/wp\/v2\/types\/product"}],"replies":[{"embeddable":true,"href":"https:\/\/fabricueroecuador.com\/index.php\/wp-json\/wp\/v2\/comments?post=341"}],"wp:featuredmedia":[{"embeddable":true,"href":"https:\/\/fabricueroecuador.com\/index.php\/wp-json\/wp\/v2\/media\/838"}],"wp:attachment":[{"href":"https:\/\/fabricueroecuador.com\/index.php\/wp-json\/wp\/v2\/media?parent=341"}],"wp:term":[{"taxonomy":"product_cat","embeddable":true,"href":"https:\/\/fabricueroecuador.com\/index.php\/wp-json\/wp\/v2\/product_cat?post=341"},{"taxonomy":"product_tag","embeddable":true,"href":"https:\/\/fabricueroecuador.com\/index.php\/wp-json\/wp\/v2\/product_tag?post=341"}],"curies":[{"name":"wp","href":"https:\/\/api.w.org\/{rel}","templated":true}]}}