{"id":352,"date":"2020-12-08T16:41:46","date_gmt":"2020-12-08T16:41:46","guid":{"rendered":"http:\/\/fabricuero.com\/index.php\/product\/import-placeholder-for-874\/"},"modified":"2021-01-08T21:38:06","modified_gmt":"2021-01-08T21:38:06","slug":"maleta-varios-servicios-modelo-w-v-001","status":"publish","type":"product","link":"https:\/\/fabricueroecuador.com\/index.php\/product\/maleta-varios-servicios-modelo-w-v-001\/","title":{"rendered":"Malet\u00edn Modelo W V 001"},"content":{"rendered":"<p>Malet\u00edn dise\u00f1o especial para personas con gustos \u00fanicos.<\/p>\n<p>Varios servicios internos, tiras de mano y correa larga para el hombro<\/p>\n<p>Reforzado con forro resistente.<\/p>\n<p>Cuero natural corrugado, duradero y elegante<\/p>\n","protected":false},"excerpt":{"rendered":"<p>Malet\u00edn dise\u00f1o especial para personas con gustos \u00fanicos. Varios servicios internos, tiras de mano y correa larga para el hombro Reforzado con forro resistente. Cuero natural corrugado, duradero y elegante<\/p>\n","protected":false},"featured_media":766,"comment_status":"open","ping_status":"closed","template":"","meta":{"_et_pb_use_builder":"","_et_pb_old_content":"","_et_gb_content_width":""},"product_cat":[146,154],"product_tag":[],"_links":{"self":[{"href":"https:\/\/fabricueroecuador.com\/index.php\/wp-json\/wp\/v2\/product\/352"}],"collection":[{"href":"https:\/\/fabricueroecuador.com\/index.php\/wp-json\/wp\/v2\/product"}],"about":[{"href":"https:\/\/fabricueroecuador.com\/index.php\/wp-json\/wp\/v2\/types\/product"}],"replies":[{"embeddable":true,"href":"https:\/\/fabricueroecuador.com\/index.php\/wp-json\/wp\/v2\/comments?post=352"}],"wp:featuredmedia":[{"embeddable":true,"href":"https:\/\/fabricueroecuador.com\/index.php\/wp-json\/wp\/v2\/media\/766"}],"wp:attachment":[{"href":"https:\/\/fabricueroecuador.com\/index.php\/wp-json\/wp\/v2\/media?parent=352"}],"wp:term":[{"taxonomy":"product_cat","embeddable":true,"href":"https:\/\/fabricueroecuador.com\/index.php\/wp-json\/wp\/v2\/product_cat?post=352"},{"taxonomy":"product_tag","embeddable":true,"href":"https:\/\/fabricueroecuador.com\/index.php\/wp-json\/wp\/v2\/product_tag?post=352"}],"curies":[{"name":"wp","href":"https:\/\/api.w.org\/{rel}","templated":true}]}}